{"id":11805,"date":"2023-06-29T13:10:02","date_gmt":"2023-06-29T11:10:02","guid":{"rendered":"https:\/\/voxvigor.se\/bricks-staging\/?page_id=11805"},"modified":"2023-10-11T14:45:00","modified_gmt":"2023-10-11T12:45:00","slug":"hem","status":"publish","type":"page","link":"https:\/\/voxvigor.se\/bricks-staging\/hem\/","title":{"rendered":"Vox Vigor | Hem"},"content":{"rendered":"\n<p><\/p>\n\n\n\n<p><\/p>\n","protected":false},"excerpt":{"rendered":"","protected":false},"author":8,"featured_media":0,"parent":0,"menu_order":0,"comment_status":"closed","ping_status":"closed","template":"","meta":{"_acf_changed":false,"footnotes":""},"acf":[],"yoast_head":"<!-- This site is optimized with the Yoast SEO plugin v22.0 - https:\/\/yoast.com\/wordpress\/plugins\/seo\/ -->\n<title>Vox Vigor | Hem - Bricks staging<\/title>\n<meta name=\"robots\" content=\"index, follow, max-snippet:-1, max-image-preview:large, max-video-preview:-1\" \/>\n<link rel=\"canonical\" href=\"https:\/\/voxvigor.se\/bricks-staging\/hem\/\" \/>\n<meta property=\"og:locale\" content=\"sv_SE\" \/>\n<meta property=\"og:type\" content=\"article\" \/>\n<meta property=\"og:title\" content=\"Vox Vigor | Hem - Bricks staging\" \/>\n<meta property=\"og:url\" content=\"https:\/\/voxvigor.se\/bricks-staging\/hem\/\" \/>\n<meta property=\"og:site_name\" content=\"Bricks staging\" \/>\n<meta property=\"article:publisher\" content=\"https:\/\/www.facebook.com\/voxvigoruppsala\" \/>\n<meta property=\"article:modified_time\" content=\"2023-10-11T12:45:00+00:00\" \/>\n<meta name=\"twitter:card\" content=\"summary_large_image\" \/>\n<script type=\"application\/ld+json\" class=\"yoast-schema-graph\">{\"@context\":\"https:\/\/schema.org\",\"@graph\":[{\"@type\":\"WebPage\",\"@id\":\"https:\/\/voxvigor.se\/bricks-staging\/hem\/\",\"url\":\"https:\/\/voxvigor.se\/bricks-staging\/hem\/\",\"name\":\"Vox Vigor | Hem - Bricks staging\",\"isPartOf\":{\"@id\":\"https:\/\/voxvigor.se\/bricks-staging\/#website\"},\"datePublished\":\"2023-06-29T11:10:02+00:00\",\"dateModified\":\"2023-10-11T12:45:00+00:00\",\"breadcrumb\":{\"@id\":\"https:\/\/voxvigor.se\/bricks-staging\/hem\/#breadcrumb\"},\"inLanguage\":\"sv-SE\",\"potentialAction\":[{\"@type\":\"ReadAction\",\"target\":[\"https:\/\/voxvigor.se\/bricks-staging\/hem\/\"]}]},{\"@type\":\"BreadcrumbList\",\"@id\":\"https:\/\/voxvigor.se\/bricks-staging\/hem\/#breadcrumb\",\"itemListElement\":[{\"@type\":\"ListItem\",\"position\":1,\"name\":\"Start\",\"item\":\"https:\/\/voxvigor.se\/bricks-staging\/\"},{\"@type\":\"ListItem\",\"position\":2,\"name\":\"Vox Vigor | Hem\"}]},{\"@type\":\"WebSite\",\"@id\":\"https:\/\/voxvigor.se\/bricks-staging\/#website\",\"url\":\"https:\/\/voxvigor.se\/bricks-staging\/\",\"name\":\"Bricks staging\",\"description\":\"En n\u00e4ttidning f\u00f6r dig med psykisk oh\u00e4lsa\",\"publisher\":{\"@id\":\"https:\/\/voxvigor.se\/bricks-staging\/#organization\"},\"potentialAction\":[{\"@type\":\"SearchAction\",\"target\":{\"@type\":\"EntryPoint\",\"urlTemplate\":\"https:\/\/voxvigor.se\/bricks-staging\/?s={search_term_string}\"},\"query-input\":\"required name=search_term_string\"}],\"inLanguage\":\"sv-SE\"},{\"@type\":\"Organization\",\"@id\":\"https:\/\/voxvigor.se\/bricks-staging\/#organization\",\"name\":\"Vox Vigor\",\"url\":\"https:\/\/voxvigor.se\/bricks-staging\/\",\"logo\":{\"@type\":\"ImageObject\",\"inLanguage\":\"sv-SE\",\"@id\":\"https:\/\/voxvigor.se\/bricks-staging\/#\/schema\/logo\/image\/\",\"url\":\"https:\/\/voxvigor.se\/bricks-staging\/wp-content\/uploads\/2017\/12\/VoxVigorHeader.jpg\",\"contentUrl\":\"https:\/\/voxvigor.se\/bricks-staging\/wp-content\/uploads\/2017\/12\/VoxVigorHeader.jpg\",\"width\":1024,\"height\":254,\"caption\":\"Vox Vigor\"},\"image\":{\"@id\":\"https:\/\/voxvigor.se\/bricks-staging\/#\/schema\/logo\/image\/\"},\"sameAs\":[\"https:\/\/www.facebook.com\/voxvigoruppsala\"]}]}<\/script>\n<!-- \/ Yoast SEO plugin. -->","yoast_head_json":{"title":"Vox Vigor | Hem - Bricks staging","robots":{"index":"index","follow":"follow","max-snippet":"max-snippet:-1","max-image-preview":"max-image-preview:large","max-video-preview":"max-video-preview:-1"},"canonical":"https:\/\/voxvigor.se\/bricks-staging\/hem\/","og_locale":"sv_SE","og_type":"article","og_title":"Vox Vigor | Hem - Bricks staging","og_url":"https:\/\/voxvigor.se\/bricks-staging\/hem\/","og_site_name":"Bricks staging","article_publisher":"https:\/\/www.facebook.com\/voxvigoruppsala","article_modified_time":"2023-10-11T12:45:00+00:00","twitter_card":"summary_large_image","schema":{"@context":"https:\/\/schema.org","@graph":[{"@type":"WebPage","@id":"https:\/\/voxvigor.se\/bricks-staging\/hem\/","url":"https:\/\/voxvigor.se\/bricks-staging\/hem\/","name":"Vox Vigor | Hem - Bricks staging","isPartOf":{"@id":"https:\/\/voxvigor.se\/bricks-staging\/#website"},"datePublished":"2023-06-29T11:10:02+00:00","dateModified":"2023-10-11T12:45:00+00:00","breadcrumb":{"@id":"https:\/\/voxvigor.se\/bricks-staging\/hem\/#breadcrumb"},"inLanguage":"sv-SE","potentialAction":[{"@type":"ReadAction","target":["https:\/\/voxvigor.se\/bricks-staging\/hem\/"]}]},{"@type":"BreadcrumbList","@id":"https:\/\/voxvigor.se\/bricks-staging\/hem\/#breadcrumb","itemListElement":[{"@type":"ListItem","position":1,"name":"Start","item":"https:\/\/voxvigor.se\/bricks-staging\/"},{"@type":"ListItem","position":2,"name":"Vox Vigor | Hem"}]},{"@type":"WebSite","@id":"https:\/\/voxvigor.se\/bricks-staging\/#website","url":"https:\/\/voxvigor.se\/bricks-staging\/","name":"Bricks staging","description":"En n\u00e4ttidning f\u00f6r dig med psykisk oh\u00e4lsa","publisher":{"@id":"https:\/\/voxvigor.se\/bricks-staging\/#organization"},"potentialAction":[{"@type":"SearchAction","target":{"@type":"EntryPoint","urlTemplate":"https:\/\/voxvigor.se\/bricks-staging\/?s={search_term_string}"},"query-input":"required name=search_term_string"}],"inLanguage":"sv-SE"},{"@type":"Organization","@id":"https:\/\/voxvigor.se\/bricks-staging\/#organization","name":"Vox Vigor","url":"https:\/\/voxvigor.se\/bricks-staging\/","logo":{"@type":"ImageObject","inLanguage":"sv-SE","@id":"https:\/\/voxvigor.se\/bricks-staging\/#\/schema\/logo\/image\/","url":"https:\/\/voxvigor.se\/bricks-staging\/wp-content\/uploads\/2017\/12\/VoxVigorHeader.jpg","contentUrl":"https:\/\/voxvigor.se\/bricks-staging\/wp-content\/uploads\/2017\/12\/VoxVigorHeader.jpg","width":1024,"height":254,"caption":"Vox Vigor"},"image":{"@id":"https:\/\/voxvigor.se\/bricks-staging\/#\/schema\/logo\/image\/"},"sameAs":["https:\/\/www.facebook.com\/voxvigoruppsala"]}]}},"_links":{"self":[{"href":"https:\/\/voxvigor.se\/bricks-staging\/wp-json\/wp\/v2\/pages\/11805"}],"collection":[{"href":"https:\/\/voxvigor.se\/bricks-staging\/wp-json\/wp\/v2\/pages"}],"about":[{"href":"https:\/\/voxvigor.se\/bricks-staging\/wp-json\/wp\/v2\/types\/page"}],"author":[{"embeddable":true,"href":"https:\/\/voxvigor.se\/bricks-staging\/wp-json\/wp\/v2\/users\/8"}],"replies":[{"embeddable":true,"href":"https:\/\/voxvigor.se\/bricks-staging\/wp-json\/wp\/v2\/comments?post=11805"}],"version-history":[{"count":99,"href":"https:\/\/voxvigor.se\/bricks-staging\/wp-json\/wp\/v2\/pages\/11805\/revisions"}],"predecessor-version":[{"id":13271,"href":"https:\/\/voxvigor.se\/bricks-staging\/wp-json\/wp\/v2\/pages\/11805\/revisions\/13271"}],"wp:attachment":[{"href":"https:\/\/voxvigor.se\/bricks-staging\/wp-json\/wp\/v2\/media?parent=11805"}],"curies":[{"name":"wp","href":"https:\/\/api.w.org\/{rel}","templated":true}]}}